{"id":3852,"date":"2017-05-17T10:10:49","date_gmt":"2017-05-17T08:10:49","guid":{"rendered":"http:\/\/diedienstleister-hansen.de\/?page_id=3852"},"modified":"2023-08-16T09:03:34","modified_gmt":"2023-08-16T07:03:34","slug":"das-team","status":"publish","type":"page","link":"https:\/\/diedienstleister-hansen.de\/?page_id=3852","title":{"rendered":"Das Team"},"content":{"rendered":"<p>[et_pb_section bb_built=&#8220;1&#8243; admin_label=&#8220;section&#8220; _builder_version=&#8220;3.0.47&#8243;][et_pb_row admin_label=&#8220;row&#8220; _builder_version=&#8220;3.0.47&#8243; background_size=&#8220;initial&#8220; background_position=&#8220;top_left&#8220; background_repeat=&#8220;repeat&#8220;][et_pb_column type=&#8220;4_4&#8243;][et_pb_slider _builder_version=&#8220;3.0.99&#8243; background_size=&#8220;default&#8220; background_position=&#8220;default&#8220; box_shadow_style=&#8220;preset6&#8243; box_shadow_blur=&#8220;10px&#8220; box_shadow_color=&#8220;rgba(0,0,0,0.1)&#8220; custom_padding=&#8220;|||&#8220; custom_padding_tablet=&#8220;|||&#8220; custom_padding_phone=&#8220;|||&#8220; remove_inner_shadow=&#8220;off&#8220; hide_content_on_mobile=&#8220;off&#8220; hide_cta_on_mobile=&#8220;off&#8220; show_inner_shadow=&#8220;on&#8220;][et_pb_slide use_bg_overlay=&#8220;off&#8220; use_text_overlay=&#8220;off&#8220; _builder_version=&#8220;3.0.47&#8243; header_font=&#8220;||||&#8220; body_font=&#8220;||||&#8220; background_color=&#8220;#ffffff&#8220; background_image=&#8220;http:\/\/diedienstleister-hansen.de\/wp-content\/uploads\/2017\/04\/IMG_1236.jpg&#8220; background_size=&#8220;default&#8220; background_position=&#8220;default&#8220; button_icon_placement=&#8220;right&#8220; button_on_hover=&#8220;on&#8220;][\/et_pb_slide][\/et_pb_slider][et_pb_text _builder_version=&#8220;3.12.2&#8243; background_size=&#8220;initial&#8220; background_position=&#8220;top_left&#8220; background_repeat=&#8220;repeat&#8220; use_border_color=&#8220;off&#8220;]<\/p>\n<table style=\"width: 72.1683%; height: 1539px;\">\n<tbody>\n<tr style=\"height: 291px;\">\n<td style=\"width: 237.85px; height: 291px;\"><a href=\"http:\/\/diedienstleister-hansen.de\/wp-content\/uploads\/2017\/04\/HrHansenPort2.jpg\"><img loading=\"lazy\" decoding=\"async\" class=\"aligncenter size-medium wp-image-3781\" src=\"http:\/\/diedienstleister-hansen.de\/wp-content\/uploads\/2017\/04\/HrHansenPort2-244x300.jpg\" alt=\"\" width=\"244\" height=\"300\" srcset=\"https:\/\/diedienstleister-hansen.de\/wp-content\/uploads\/2017\/04\/HrHansenPort2-244x300.jpg 244w, https:\/\/diedienstleister-hansen.de\/wp-content\/uploads\/2017\/04\/HrHansenPort2-768x942.jpg 768w, https:\/\/diedienstleister-hansen.de\/wp-content\/uploads\/2017\/04\/HrHansenPort2-834x1024.jpg 834w, https:\/\/diedienstleister-hansen.de\/wp-content\/uploads\/2017\/04\/HrHansenPort2.jpg 1008w\" sizes=\"(max-width: 244px) 100vw, 244px\" \/><\/a><\/td>\n<td style=\"width: 362.14px; height: 291px;\"><strong>Michael Hansen<\/strong><br \/>\nInhaber, Gesch\u00e4ftsf\u00fchrung<\/td>\n<\/tr>\n<tr style=\"height: 281px;\">\n<td style=\"width: 237.85px; height: 281px;\"><a href=\"http:\/\/diedienstleister-hansen.de\/wp-content\/uploads\/2017\/05\/FrHansenPort.jpg\"><img loading=\"lazy\" decoding=\"async\" class=\"aligncenter wp-image-3779\" src=\"http:\/\/diedienstleister-hansen.de\/wp-content\/uploads\/2017\/05\/FrHansenPort-253x300.jpg\" alt=\"\" width=\"242\" height=\"287\" srcset=\"https:\/\/diedienstleister-hansen.de\/wp-content\/uploads\/2017\/05\/FrHansenPort-253x300.jpg 253w, https:\/\/diedienstleister-hansen.de\/wp-content\/uploads\/2017\/05\/FrHansenPort-768x910.jpg 768w, https:\/\/diedienstleister-hansen.de\/wp-content\/uploads\/2017\/05\/FrHansenPort-864x1024.jpg 864w, https:\/\/diedienstleister-hansen.de\/wp-content\/uploads\/2017\/05\/FrHansenPort-1080x1280.jpg 1080w, https:\/\/diedienstleister-hansen.de\/wp-content\/uploads\/2017\/05\/FrHansenPort.jpg 1728w\" sizes=\"(max-width: 242px) 100vw, 242px\" \/><\/a><\/td>\n<td style=\"width: 362.14px; height: 281px;\"><strong>Rosemarie Hansen<\/strong><br \/>\nGesch\u00e4ftsf\u00fchrung<\/td>\n<\/tr>\n<tr style=\"height: 289px;\">\n<td style=\"width: 237.85px; height: 289px;\"><a href=\"http:\/\/diedienstleister-hansen.de\/wp-content\/uploads\/2018\/11\/christianHAnsen3.jpeg\"><img loading=\"lazy\" decoding=\"async\" class=\"aligncenter size-medium wp-image-4137\" src=\"http:\/\/diedienstleister-hansen.de\/wp-content\/uploads\/2018\/11\/christianHAnsen3-246x300.jpeg\" alt=\"\" width=\"246\" height=\"300\" srcset=\"https:\/\/diedienstleister-hansen.de\/wp-content\/uploads\/2018\/11\/christianHAnsen3-246x300.jpeg 246w, https:\/\/diedienstleister-hansen.de\/wp-content\/uploads\/2018\/11\/christianHAnsen3.jpeg 304w\" sizes=\"(max-width: 246px) 100vw, 246px\" \/><\/a><\/td>\n<td style=\"width: 362.14px; height: 289px;\"><strong>Christian Hansen<\/strong><br \/>\nGesch\u00e4ftsf\u00fchrung<\/td>\n<\/tr>\n<tr style=\"height: 47px;\">\n<td style=\"width: 237.85px; height: 47px;\"><\/td>\n<td style=\"width: 362.14px; height: 47px;\"><strong>Jana Hansen<\/strong><br \/>\nGesch\u00e4ftsf\u00fchrung<\/td>\n<\/tr>\n<tr style=\"height: 246px;\">\n<td style=\"width: 237.85px; height: 246px;\">\u00a0<a href=\"http:\/\/diedienstleister-hansen.de\/wp-content\/uploads\/2021\/01\/Rudolf-Becker-e1611150132148.jpeg\"><img loading=\"lazy\" decoding=\"async\" class=\"aligncenter size-medium wp-image-4229\" src=\"http:\/\/diedienstleister-hansen.de\/wp-content\/uploads\/2021\/01\/Rudolf-Becker-e1611150096234-300x282.jpeg\" alt=\"\" width=\"300\" height=\"282\" \/><\/a><\/td>\n<td style=\"width: 362.14px; height: 246px;\"><strong>Rudolf Becker<\/strong><br \/>\nAuftragsbearbeitung, Angebotserstellung<\/td>\n<\/tr>\n<tr style=\"height: 316px;\">\n<td style=\"width: 237.85px; height: 316px;\"><a href=\"http:\/\/diedienstleister-hansen.de\/wp-content\/uploads\/2017\/05\/NicoleSchmitzPort.jpg\"><img loading=\"lazy\" decoding=\"async\" class=\"aligncenter wp-image-3882\" src=\"http:\/\/diedienstleister-hansen.de\/wp-content\/uploads\/2017\/05\/NicoleSchmitzPort.jpg\" alt=\"\" width=\"245\" height=\"327\" srcset=\"https:\/\/diedienstleister-hansen.de\/wp-content\/uploads\/2017\/05\/NicoleSchmitzPort.jpg 803w, https:\/\/diedienstleister-hansen.de\/wp-content\/uploads\/2017\/05\/NicoleSchmitzPort-225x300.jpg 225w, https:\/\/diedienstleister-hansen.de\/wp-content\/uploads\/2017\/05\/NicoleSchmitzPort-768x1026.jpg 768w, https:\/\/diedienstleister-hansen.de\/wp-content\/uploads\/2017\/05\/NicoleSchmitzPort-766x1024.jpg 766w\" sizes=\"(max-width: 245px) 100vw, 245px\" \/><\/a><\/td>\n<td style=\"width: 362.14px; height: 316px;\"><strong>Nicole Schmitz<br \/>\n<\/strong>Angebot und Rechnungserstellung<\/td>\n<\/tr>\n<tr style=\"height: 23px;\">\n<td style=\"width: 237.85px; height: 23px;\"><\/td>\n<td style=\"width: 362.14px; height: 23px;\"><\/td>\n<\/tr>\n<tr style=\"height: 23px;\">\n<td style=\"width: 237.85px; height: 23px;\"><\/td>\n<td style=\"width: 362.14px; height: 23px;\"><\/td>\n<\/tr>\n<tr style=\"height: 23px;\">\n<td style=\"width: 237.85px; height: 23px;\"><\/td>\n<td style=\"width: 362.14px; height: 23px;\"><\/td>\n<\/tr>\n<\/tbody>\n<\/table>\n<p>[\/et_pb_text][\/et_pb_column][\/et_pb_row][\/et_pb_section]<\/p>\n","protected":false},"excerpt":{"rendered":"<p>[et_pb_section bb_built=&#8220;1&#8243; admin_label=&#8220;section&#8220; _builder_version=&#8220;3.0.47&#8243;][et_pb_row admin_label=&#8220;row&#8220; _builder_version=&#8220;3.0.47&#8243; background_size=&#8220;initial&#8220; background_position=&#8220;top_left&#8220; background_repeat=&#8220;repeat&#8220;][et_pb_column type=&#8220;4_4&#8243;][et_pb_slider _builder_version=&#8220;3.0.99&#8243; background_size=&#8220;default&#8220; background_position=&#8220;default&#8220; box_shadow_style=&#8220;preset6&#8243; box_shadow_blur=&#8220;10px&#8220; box_shadow_color=&#8220;rgba(0,0,0,0.1)&#8220; custom_padding=&#8220;|||&#8220; custom_padding_tablet=&#8220;|||&#8220; custom_padding_phone=&#8220;|||&#8220; remove_inner_shadow=&#8220;off&#8220; hide_content_on_mobile=&#8220;off&#8220; hide_cta_on_mobile=&#8220;off&#8220; show_inner_shadow=&#8220;on&#8220;][et_pb_slide use_bg_overlay=&#8220;off&#8220; use_text_overlay=&#8220;off&#8220; _builder_version=&#8220;3.0.47&#8243; header_font=&#8220;||||&#8220; body_font=&#8220;||||&#8220; background_color=&#8220;#ffffff&#8220; background_image=&#8220;http:\/\/diedienstleister-hansen.de\/wp-content\/uploads\/2017\/04\/IMG_1236.jpg&#8220; background_size=&#8220;default&#8220; background_position=&#8220;default&#8220; button_icon_placement=&#8220;right&#8220; button_on_hover=&#8220;on&#8220;][\/et_pb_slide][\/et_pb_slider][et_pb_text _builder_version=&#8220;3.12.2&#8243; background_size=&#8220;initial&#8220; background_position=&#8220;top_left&#8220; background_repeat=&#8220;repeat&#8220; use_border_color=&#8220;off&#8220;] Michael Hansen Inhaber, Gesch\u00e4ftsf\u00fchrung Rosemarie Hansen Gesch\u00e4ftsf\u00fchrung Christian Hansen Gesch\u00e4ftsf\u00fchrung Jana Hansen Gesch\u00e4ftsf\u00fchrung \u00a0 Rudolf Becker [&hellip;]<\/p>\n","protected":false},"author":1,"featured_media":0,"parent":0,"menu_order":0,"comment_status":"closed","ping_status":"closed","template":"","meta":{"jetpack_post_was_ever_published":false,"footnotes":""},"class_list":["post-3852","page","type-page","status-publish","hentry"],"jetpack_sharing_enabled":true,"jetpack_shortlink":"https:\/\/wp.me\/P8KzCu-108","_links":{"self":[{"href":"https:\/\/diedienstleister-hansen.de\/index.php?rest_route=\/wp\/v2\/pages\/3852"}],"collection":[{"href":"https:\/\/diedienstleister-hansen.de\/index.php?rest_route=\/wp\/v2\/pages"}],"about":[{"href":"https:\/\/diedienstleister-hansen.de\/index.php?rest_route=\/wp\/v2\/types\/page"}],"author":[{"embeddable":true,"href":"https:\/\/diedienstleister-hansen.de\/index.php?rest_route=\/wp\/v2\/users\/1"}],"replies":[{"embeddable":true,"href":"https:\/\/diedienstleister-hansen.de\/index.php?rest_route=%2Fwp%2Fv2%2Fcomments&post=3852"}],"version-history":[{"count":31,"href":"https:\/\/diedienstleister-hansen.de\/index.php?rest_route=\/wp\/v2\/pages\/3852\/revisions"}],"predecessor-version":[{"id":4279,"href":"https:\/\/diedienstleister-hansen.de\/index.php?rest_route=\/wp\/v2\/pages\/3852\/revisions\/4279"}],"wp:attachment":[{"href":"https:\/\/diedienstleister-hansen.de\/index.php?rest_route=%2Fwp%2Fv2%2Fmedia&parent=3852"}],"curies":[{"name":"wp","href":"https:\/\/api.w.org\/{rel}","templated":true}]}}