{"id":3504,"date":"2017-04-28T22:10:57","date_gmt":"2017-04-28T20:10:57","guid":{"rendered":"http:\/\/diedienstleister-hansen.de\/?page_id=3504"},"modified":"2022-03-29T18:38:30","modified_gmt":"2022-03-29T16:38:30","slug":"3504-2","status":"publish","type":"page","link":"https:\/\/diedienstleister-hansen.de\/?page_id=3504","title":{"rendered":"Kontakt"},"content":{"rendered":"<p>[et_pb_section bb_built=&#8220;1&#8243; admin_label=&#8220;section&#8220; _builder_version=&#8220;3.0.47&#8243;][et_pb_row admin_label=&#8220;row&#8220; _builder_version=&#8220;3.0.47&#8243; background_size=&#8220;initial&#8220; background_position=&#8220;top_left&#8220; background_repeat=&#8220;repeat&#8220;][et_pb_column type=&#8220;4_4&#8243;][et_pb_slider _builder_version=&#8220;3.12.2&#8243; background_image=&#8220;http:\/\/diedienstleister-hansen.de\/wp-content\/uploads\/2018\/12\/bildstreifen_kontakt-1.jpg&#8220; box_shadow_style=&#8220;preset6&#8243; box_shadow_blur=&#8220;10px&#8220; box_shadow_color=&#8220;rgba(0,0,0,0.1)&#8220; custom_padding=&#8220;|||&#8220; show_inner_shadow=&#8220;on&#8220;][et_pb_slide use_bg_overlay=&#8220;off&#8220; use_text_overlay=&#8220;off&#8220; _builder_version=&#8220;3.12.2&#8243; header_font=&#8220;||||&#8220; body_font=&#8220;||||&#8220; background_color=&#8220;#ffffff&#8220; background_image=&#8220;http:\/\/diedienstleister-hansen.de\/wp-content\/uploads\/2018\/12\/bildstreifen_kontakt-1.jpg&#8220; button_on_hover=&#8220;on&#8220;][\/et_pb_slide][\/et_pb_slider][et_pb_text _builder_version=&#8220;3.12.2&#8243; background_size=&#8220;initial&#8220; background_position=&#8220;top_left&#8220; background_repeat=&#8220;repeat&#8220; use_border_color=&#8220;off&#8220;]<\/p>\n<table class=\" aligncenter\" style=\"width: 0%; height: 23px;\">\n<tbody>\n<tr style=\"height: 23px;\">\n<td style=\"width: 31.4103%; height: 23px;\"><\/td>\n<td style=\"width: 500%; height: 23px;\" colspan=\"2\"><\/td>\n<\/tr>\n<\/tbody>\n<\/table>\n<table style=\"border-collapse: collapse; width: 94.7121%; height: 850px;\">\n<tbody>\n<tr>\n<td style=\"width: 50%; text-align: center;\"><img loading=\"lazy\" decoding=\"async\" class=\"aligncenter wp-image-3778\" src=\"http:\/\/diedienstleister-hansen.de\/wp-content\/uploads\/2017\/05\/HrHansenPort-226x300.jpg\" alt=\"\" width=\"173\" height=\"230\" srcset=\"https:\/\/diedienstleister-hansen.de\/wp-content\/uploads\/2017\/05\/HrHansenPort-226x300.jpg 226w, https:\/\/diedienstleister-hansen.de\/wp-content\/uploads\/2017\/05\/HrHansenPort-768x1018.jpg 768w, https:\/\/diedienstleister-hansen.de\/wp-content\/uploads\/2017\/05\/HrHansenPort-772x1024.jpg 772w, https:\/\/diedienstleister-hansen.de\/wp-content\/uploads\/2017\/05\/HrHansenPort-1080x1432.jpg 1080w, https:\/\/diedienstleister-hansen.de\/wp-content\/uploads\/2017\/05\/HrHansenPort.jpg 1544w\" sizes=\"(max-width: 173px) 100vw, 173px\" \/><span style=\"color: #000000;\">Hr. Michael Hansen<\/span><br \/>\n<span style=\"color: #000000;\"> Gesch\u00e4ftsf\u00fchrung<\/span><\/td>\n<td style=\"width: 50%; text-align: center;\"><img loading=\"lazy\" decoding=\"async\" class=\"wp-image-3779 aligncenter\" src=\"http:\/\/diedienstleister-hansen.de\/wp-content\/uploads\/2017\/05\/FrHansenPort.jpg\" alt=\"\" width=\"195\" height=\"231\" srcset=\"https:\/\/diedienstleister-hansen.de\/wp-content\/uploads\/2017\/05\/FrHansenPort.jpg 1728w, https:\/\/diedienstleister-hansen.de\/wp-content\/uploads\/2017\/05\/FrHansenPort-253x300.jpg 253w, https:\/\/diedienstleister-hansen.de\/wp-content\/uploads\/2017\/05\/FrHansenPort-768x910.jpg 768w, https:\/\/diedienstleister-hansen.de\/wp-content\/uploads\/2017\/05\/FrHansenPort-864x1024.jpg 864w, https:\/\/diedienstleister-hansen.de\/wp-content\/uploads\/2017\/05\/FrHansenPort-1080x1280.jpg 1080w\" sizes=\"(max-width: 195px) 100vw, 195px\" \/><span style=\"color: #000000;\">Fr. Rosemarie Hansen<\/span><br \/>\n<span style=\"color: #000000;\"> Gesch\u00e4ftsf\u00fchrung<\/span><\/td>\n<\/tr>\n<tr>\n<td style=\"width: 50%; text-align: center;\"><img loading=\"lazy\" decoding=\"async\" class=\"aligncenter wp-image-3882\" src=\"http:\/\/diedienstleister-hansen.de\/wp-content\/uploads\/2017\/05\/NicoleSchmitzPort.jpg\" alt=\"\" width=\"211\" height=\"282\" srcset=\"https:\/\/diedienstleister-hansen.de\/wp-content\/uploads\/2017\/05\/NicoleSchmitzPort.jpg 803w, https:\/\/diedienstleister-hansen.de\/wp-content\/uploads\/2017\/05\/NicoleSchmitzPort-225x300.jpg 225w, https:\/\/diedienstleister-hansen.de\/wp-content\/uploads\/2017\/05\/NicoleSchmitzPort-768x1026.jpg 768w, https:\/\/diedienstleister-hansen.de\/wp-content\/uploads\/2017\/05\/NicoleSchmitzPort-766x1024.jpg 766w\" sizes=\"(max-width: 211px) 100vw, 211px\" \/><span style=\"color: #000000;\">F<\/span><span style=\"color: #000000;\">r. Nicole Schmitz<\/span><br \/>\n<span style=\"color: #000000;\"> Sekretariat<\/span><\/td>\n<td style=\"width: 50%; text-align: center;\"><a href=\"http:\/\/diedienstleister-hansen.de\/wp-content\/uploads\/2017\/05\/ElkeLudwigPort.jpg\"><img loading=\"lazy\" decoding=\"async\" class=\"aligncenter wp-image-3893\" src=\"http:\/\/diedienstleister-hansen.de\/wp-content\/uploads\/2017\/05\/ElkeLudwigPort.jpg\" alt=\"\" width=\"217\" height=\"271\" srcset=\"https:\/\/diedienstleister-hansen.de\/wp-content\/uploads\/2017\/05\/ElkeLudwigPort.jpg 2322w, https:\/\/diedienstleister-hansen.de\/wp-content\/uploads\/2017\/05\/ElkeLudwigPort-239x300.jpg 239w, https:\/\/diedienstleister-hansen.de\/wp-content\/uploads\/2017\/05\/ElkeLudwigPort-768x963.jpg 768w, https:\/\/diedienstleister-hansen.de\/wp-content\/uploads\/2017\/05\/ElkeLudwigPort-817x1024.jpg 817w, https:\/\/diedienstleister-hansen.de\/wp-content\/uploads\/2017\/05\/ElkeLudwigPort-1080x1354.jpg 1080w\" sizes=\"(max-width: 217px) 100vw, 217px\" \/><\/a><span style=\"color: #000000;\">Fr. Elke Ludwig<\/span><br \/>\n<span style=\"color: #000000;\"> Sekretariat<\/span><\/td>\n<\/tr>\n<\/tbody>\n<\/table>\n<p>[\/et_pb_text][et_pb_text _builder_version=&#8220;3.12.2&#8243; background_size=&#8220;initial&#8220; background_position=&#8220;top_left&#8220; background_repeat=&#8220;repeat&#8220; use_border_color=&#8220;off&#8220;]<\/p>\n<table style=\"height: 164px;\" width=\"833\">\n<tbody>\n<tr style=\"height: 159px;\">\n<td style=\"width: 408.43px; height: 159px;\"><strong>Die Dienstleister<\/strong><br \/>\nHauptstra\u00dfe. 3<br \/>\n54298 Gilzem<br \/>\nTel.: 0 65 06 \/ 91 05 82<br \/>\nFax: 0 65 06 \/ 91 02 97 0<br \/>\nMail: diedienstleister(at)yahoo.de<\/td>\n<td style=\"width: 408.57px; height: 159px;\"><\/td>\n<\/tr>\n<\/tbody>\n<\/table>\n<p>&nbsp;<\/p>\n<p>\u00d6ffnungszeiten: Mo-Fr: 08:00 Uhr bis 16:30 Uhr<\/p>\n<hr \/>\n<p>Oder benutzen Sie einfach unser Kontaktformular<\/p>\n<p>[\/et_pb_text][et_pb_contact_form email=&#8220;diedienstleister@yahoo.de&#8220; success_message=&#8220;Vielen Dank f\u00fcr Ihrer Email. Wir werden uns schnellstm\u00f6glich mit Ihnen in Verbindung setzen&#8220; form_background_color=&#8220;#eaeaea&#8220; module_id=&#8220;et_pb_contact_form_0&#8243; _builder_version=&#8220;3.12.2&#8243;][et_pb_contact_field field_id=&#8220;Name&#8220; field_title=&#8220;Name&#8220; _builder_version=&#8220;3.12.2&#8243; form_field_font=&#8220;||||&#8220; form_field_text_color=&#8220;#000000&#8243; use_border_color=&#8220;off&#8220;][\/et_pb_contact_field][et_pb_contact_field field_id=&#8220;R\u00fcckrufnummer&#8220; field_title=&#8220;R\u00fcckrufnummer&#8220; min_length=&#8220;4&#8243; max_length=&#8220;30&#8243; fullwidth_field=&#8220;on&#8220; _builder_version=&#8220;3.12.2&#8243; form_field_font=&#8220;||||&#8220; form_field_text_color=&#8220;#000000&#8243; use_border_color=&#8220;off&#8220;][\/et_pb_contact_field][et_pb_contact_field field_id=&#8220;EMail_2&#8243; field_title=&#8220;Email&#8220; max_length=&#8220;50&#8243; _builder_version=&#8220;3.12.2&#8243;][\/et_pb_contact_field][et_pb_contact_field field_id=&#8220;Message&#8220; field_title=&#8220;Nachricht&#8220; field_type=&#8220;text&#8220; fullwidth_field=&#8220;on&#8220; _builder_version=&#8220;3.12.2&#8243; form_field_font=&#8220;||||&#8220; form_field_text_color=&#8220;#000000&#8243; use_border_color=&#8220;off&#8220;][\/et_pb_contact_field][et_pb_contact_field field_id=&#8220;Datenschutz&#8220; field_title=&#8220;Datenschutz&#8220; field_type=&#8220;checkbox&#8220; checkbox_options=&#8220;%91{%22value%22:%22Ich stimme den Datenschutzbestimmungen zu%22,%22checked%22:0}%93&#8243; fullwidth_field=&#8220;on&#8220; _builder_version=&#8220;3.12.2&#8243;][\/et_pb_contact_field][\/et_pb_contact_form][\/et_pb_column][\/et_pb_row][\/et_pb_section]<\/p>\n","protected":false},"excerpt":{"rendered":"<p>[et_pb_section bb_built=&#8220;1&#8243; admin_label=&#8220;section&#8220; _builder_version=&#8220;3.0.47&#8243;][et_pb_row admin_label=&#8220;row&#8220; _builder_version=&#8220;3.0.47&#8243; background_size=&#8220;initial&#8220; background_position=&#8220;top_left&#8220; background_repeat=&#8220;repeat&#8220;][et_pb_column type=&#8220;4_4&#8243;][et_pb_slider _builder_version=&#8220;3.12.2&#8243; background_image=&#8220;http:\/\/diedienstleister-hansen.de\/wp-content\/uploads\/2018\/12\/bildstreifen_kontakt-1.jpg&#8220; box_shadow_style=&#8220;preset6&#8243; box_shadow_blur=&#8220;10px&#8220; box_shadow_color=&#8220;rgba(0,0,0,0.1)&#8220; custom_padding=&#8220;|||&#8220; show_inner_shadow=&#8220;on&#8220;][et_pb_slide use_bg_overlay=&#8220;off&#8220; use_text_overlay=&#8220;off&#8220; _builder_version=&#8220;3.12.2&#8243; header_font=&#8220;||||&#8220; body_font=&#8220;||||&#8220; background_color=&#8220;#ffffff&#8220; background_image=&#8220;http:\/\/diedienstleister-hansen.de\/wp-content\/uploads\/2018\/12\/bildstreifen_kontakt-1.jpg&#8220; button_on_hover=&#8220;on&#8220;][\/et_pb_slide][\/et_pb_slider][et_pb_text _builder_version=&#8220;3.12.2&#8243; background_size=&#8220;initial&#8220; background_position=&#8220;top_left&#8220; background_repeat=&#8220;repeat&#8220; use_border_color=&#8220;off&#8220;] Hr. Michael Hansen Gesch\u00e4ftsf\u00fchrung Fr. Rosemarie Hansen Gesch\u00e4ftsf\u00fchrung Fr. Nicole Schmitz Sekretariat Fr. Elke Ludwig Sekretariat [\/et_pb_text][et_pb_text _builder_version=&#8220;3.12.2&#8243; background_size=&#8220;initial&#8220; background_position=&#8220;top_left&#8220; background_repeat=&#8220;repeat&#8220; use_border_color=&#8220;off&#8220;] Die Dienstleister Hauptstra\u00dfe. [&hellip;]<\/p>\n","protected":false},"author":1,"featured_media":0,"parent":0,"menu_order":0,"comment_status":"closed","ping_status":"closed","template":"","meta":{"jetpack_post_was_ever_published":false,"footnotes":""},"class_list":["post-3504","page","type-page","status-publish","hentry"],"jetpack_sharing_enabled":true,"jetpack_shortlink":"https:\/\/wp.me\/P8KzCu-Uw","_links":{"self":[{"href":"https:\/\/diedienstleister-hansen.de\/index.php?rest_route=\/wp\/v2\/pages\/3504"}],"collection":[{"href":"https:\/\/diedienstleister-hansen.de\/index.php?rest_route=\/wp\/v2\/pages"}],"about":[{"href":"https:\/\/diedienstleister-hansen.de\/index.php?rest_route=\/wp\/v2\/types\/page"}],"author":[{"embeddable":true,"href":"https:\/\/diedienstleister-hansen.de\/index.php?rest_route=\/wp\/v2\/users\/1"}],"replies":[{"embeddable":true,"href":"https:\/\/diedienstleister-hansen.de\/index.php?rest_route=%2Fwp%2Fv2%2Fcomments&post=3504"}],"version-history":[{"count":72,"href":"https:\/\/diedienstleister-hansen.de\/index.php?rest_route=\/wp\/v2\/pages\/3504\/revisions"}],"predecessor-version":[{"id":4257,"href":"https:\/\/diedienstleister-hansen.de\/index.php?rest_route=\/wp\/v2\/pages\/3504\/revisions\/4257"}],"wp:attachment":[{"href":"https:\/\/diedienstleister-hansen.de\/index.php?rest_route=%2Fwp%2Fv2%2Fmedia&parent=3504"}],"curies":[{"name":"wp","href":"https:\/\/api.w.org\/{rel}","templated":true}]}}