{"id":3488,"date":"2017-04-28T21:55:57","date_gmt":"2017-04-28T19:55:57","guid":{"rendered":"http:\/\/diedienstleister-hansen.de\/?page_id=3488"},"modified":"2017-05-18T14:47:43","modified_gmt":"2017-05-18T12:47:43","slug":"trockenbau","status":"publish","type":"page","link":"https:\/\/diedienstleister-hansen.de\/?page_id=3488","title":{"rendered":"Trockenbau"},"content":{"rendered":"<p>[et_pb_section bb_built=&#8220;1&#8243; admin_label=&#8220;section&#8220;][et_pb_row admin_label=&#8220;row&#8220;][et_pb_column type=&#8220;4_4&#8243;][et_pb_slider admin_label=&#8220;Slider&#8220; show_arrows=&#8220;on&#8220; show_pagination=&#8220;on&#8220; auto=&#8220;off&#8220; auto_ignore_hover=&#8220;off&#8220; parallax=&#8220;off&#8220; parallax_method=&#8220;off&#8220; remove_inner_shadow=&#8220;off&#8220; background_position=&#8220;default&#8220; background_size=&#8220;default&#8220; hide_content_on_mobile=&#8220;off&#8220; hide_cta_on_mobile=&#8220;off&#8220; show_image_video_mobile=&#8220;off&#8220; custom_button=&#8220;off&#8220; button_letter_spacing=&#8220;0&#8243; button_use_icon=&#8220;default&#8220; button_icon_placement=&#8220;right&#8220; button_on_hover=&#8220;on&#8220; button_letter_spacing_hover=&#8220;0&#8243;] [et_pb_slide background_image=&#8220;http:\/\/diedienstleister-hansen.de\/wp-content\/uploads\/2017\/04\/IMG_2632.jpg&#8220; background_position=&#8220;default&#8220; background_size=&#8220;default&#8220; background_color=&#8220;#ffffff&#8220; use_bg_overlay=&#8220;off&#8220; use_text_overlay=&#8220;off&#8220; alignment=&#8220;center&#8220; background_layout=&#8220;dark&#8220; allow_player_pause=&#8220;off&#8220; text_border_radius=&#8220;3&#8243; header_font_select=&#8220;default&#8220; header_font=&#8220;||||&#8220; body_font_select=&#8220;default&#8220; body_font=&#8220;||||&#8220; custom_button=&#8220;off&#8220; button_font_select=&#8220;default&#8220; button_font=&#8220;||||&#8220; button_use_icon=&#8220;default&#8220; button_icon_placement=&#8220;right&#8220; button_on_hover=&#8220;on&#8220; \/] [\/et_pb_slider][et_pb_text admin_label=&#8220;Text&#8220; background_layout=&#8220;light&#8220; text_orientation=&#8220;left&#8220; use_border_color=&#8220;off&#8220; border_color=&#8220;#ffffff&#8220; border_style=&#8220;solid&#8220;]<\/p>\n<table style=\"height: 128px; width: 846px;\">\n<tbody>\n<tr>\n<td style=\"width: 159px;\"><a href=\"http:\/\/diedienstleister-hansen.de\/wp-content\/uploads\/2017\/04\/IMG_2637.jpg\"><img loading=\"lazy\" decoding=\"async\" class=\"aligncenter size-medium wp-image-3795\" src=\"http:\/\/diedienstleister-hansen.de\/wp-content\/uploads\/2017\/04\/IMG_2637-300x225.jpg\" alt=\"\" width=\"300\" height=\"225\" srcset=\"https:\/\/diedienstleister-hansen.de\/wp-content\/uploads\/2017\/04\/IMG_2637-300x225.jpg 300w, https:\/\/diedienstleister-hansen.de\/wp-content\/uploads\/2017\/04\/IMG_2637-768x576.jpg 768w, https:\/\/diedienstleister-hansen.de\/wp-content\/uploads\/2017\/04\/IMG_2637-1024x768.jpg 1024w, https:\/\/diedienstleister-hansen.de\/wp-content\/uploads\/2017\/04\/IMG_2637-510x382.jpg 510w, https:\/\/diedienstleister-hansen.de\/wp-content\/uploads\/2017\/04\/IMG_2637-1080x810.jpg 1080w, https:\/\/diedienstleister-hansen.de\/wp-content\/uploads\/2017\/04\/IMG_2637.jpg 2048w\" sizes=\"(max-width: 300px) 100vw, 300px\" \/><\/a><\/td>\n<td style=\"width: 159px;\"><a href=\"http:\/\/diedienstleister-hansen.de\/wp-content\/uploads\/2017\/04\/IMG_4053.jpg\"><img loading=\"lazy\" decoding=\"async\" class=\"aligncenter size-medium wp-image-3803\" src=\"http:\/\/diedienstleister-hansen.de\/wp-content\/uploads\/2017\/04\/IMG_4053-300x225.jpg\" alt=\"\" width=\"300\" height=\"225\" srcset=\"https:\/\/diedienstleister-hansen.de\/wp-content\/uploads\/2017\/04\/IMG_4053-300x225.jpg 300w, https:\/\/diedienstleister-hansen.de\/wp-content\/uploads\/2017\/04\/IMG_4053-768x576.jpg 768w, https:\/\/diedienstleister-hansen.de\/wp-content\/uploads\/2017\/04\/IMG_4053-1024x768.jpg 1024w, https:\/\/diedienstleister-hansen.de\/wp-content\/uploads\/2017\/04\/IMG_4053-510x382.jpg 510w, https:\/\/diedienstleister-hansen.de\/wp-content\/uploads\/2017\/04\/IMG_4053-1080x810.jpg 1080w, https:\/\/diedienstleister-hansen.de\/wp-content\/uploads\/2017\/04\/IMG_4053.jpg 2048w\" sizes=\"(max-width: 300px) 100vw, 300px\" \/><\/a><\/td>\n<td style=\"width: 159px;\"><a href=\"http:\/\/diedienstleister-hansen.de\/wp-content\/uploads\/2017\/04\/IMG_2825.jpg\"><img loading=\"lazy\" decoding=\"async\" class=\"aligncenter size-medium wp-image-3799\" src=\"http:\/\/diedienstleister-hansen.de\/wp-content\/uploads\/2017\/04\/IMG_2825-300x225.jpg\" alt=\"\" width=\"300\" height=\"225\" srcset=\"https:\/\/diedienstleister-hansen.de\/wp-content\/uploads\/2017\/04\/IMG_2825-300x225.jpg 300w, https:\/\/diedienstleister-hansen.de\/wp-content\/uploads\/2017\/04\/IMG_2825-768x576.jpg 768w, https:\/\/diedienstleister-hansen.de\/wp-content\/uploads\/2017\/04\/IMG_2825-1024x768.jpg 1024w, https:\/\/diedienstleister-hansen.de\/wp-content\/uploads\/2017\/04\/IMG_2825-510x382.jpg 510w, https:\/\/diedienstleister-hansen.de\/wp-content\/uploads\/2017\/04\/IMG_2825-1080x810.jpg 1080w, https:\/\/diedienstleister-hansen.de\/wp-content\/uploads\/2017\/04\/IMG_2825.jpg 2048w\" sizes=\"(max-width: 300px) 100vw, 300px\" \/><\/a><\/td>\n<td style=\"width: 159px;\"><a href=\"http:\/\/diedienstleister-hansen.de\/wp-content\/uploads\/2017\/04\/IMG_4355.jpg\"><img loading=\"lazy\" decoding=\"async\" class=\"aligncenter size-medium wp-image-3805\" src=\"http:\/\/diedienstleister-hansen.de\/wp-content\/uploads\/2017\/04\/IMG_4355-300x225.jpg\" alt=\"\" width=\"300\" height=\"225\" srcset=\"https:\/\/diedienstleister-hansen.de\/wp-content\/uploads\/2017\/04\/IMG_4355-300x225.jpg 300w, https:\/\/diedienstleister-hansen.de\/wp-content\/uploads\/2017\/04\/IMG_4355-768x576.jpg 768w, https:\/\/diedienstleister-hansen.de\/wp-content\/uploads\/2017\/04\/IMG_4355-1024x768.jpg 1024w, https:\/\/diedienstleister-hansen.de\/wp-content\/uploads\/2017\/04\/IMG_4355-510x382.jpg 510w, https:\/\/diedienstleister-hansen.de\/wp-content\/uploads\/2017\/04\/IMG_4355-1080x810.jpg 1080w, https:\/\/diedienstleister-hansen.de\/wp-content\/uploads\/2017\/04\/IMG_4355.jpg 2048w\" sizes=\"(max-width: 300px) 100vw, 300px\" \/><\/a><\/td>\n<td style=\"width: 160.625px;\"><a href=\"http:\/\/diedienstleister-hansen.de\/wp-content\/uploads\/2017\/04\/IMG_4356.jpg\"><img loading=\"lazy\" decoding=\"async\" class=\"aligncenter size-medium wp-image-3806\" src=\"http:\/\/diedienstleister-hansen.de\/wp-content\/uploads\/2017\/04\/IMG_4356-300x225.jpg\" alt=\"\" width=\"300\" height=\"225\" srcset=\"https:\/\/diedienstleister-hansen.de\/wp-content\/uploads\/2017\/04\/IMG_4356-300x225.jpg 300w, https:\/\/diedienstleister-hansen.de\/wp-content\/uploads\/2017\/04\/IMG_4356-768x576.jpg 768w, https:\/\/diedienstleister-hansen.de\/wp-content\/uploads\/2017\/04\/IMG_4356-1024x768.jpg 1024w, https:\/\/diedienstleister-hansen.de\/wp-content\/uploads\/2017\/04\/IMG_4356-510x382.jpg 510w, https:\/\/diedienstleister-hansen.de\/wp-content\/uploads\/2017\/04\/IMG_4356-1080x810.jpg 1080w, https:\/\/diedienstleister-hansen.de\/wp-content\/uploads\/2017\/04\/IMG_4356.jpg 2048w\" sizes=\"(max-width: 300px) 100vw, 300px\" \/><\/a><\/td>\n<\/tr>\n<\/tbody>\n<\/table>\n<p>[\/et_pb_text][et_pb_text admin_label=&#8220;Text&#8220; background_layout=&#8220;light&#8220; text_orientation=&#8220;left&#8220; use_border_color=&#8220;off&#8220; border_color=&#8220;#ffffff&#8220; border_style=&#8220;solid&#8220;]<\/p>\n<h3><span style=\"text-decoration: underline;\">Trockenbau<\/span><\/h3>\n<p>Sie m\u00f6chten Ihr Dach ausbauen, d\u00e4mmen, zus\u00e4tzlichen Wohnraum schaffen?<\/p>\n<p>Die Dienstleister sind spezialisiert auf alle anfallenden Arbeiten im Trockenbau &#8211;<br \/>\nvon der\u00a0Rigipswand \u00fcber Deckenpaneelen oder Raumtrenner.<br \/>\nFreuen Sie sich auf die neue Wohnsituation.<\/p>\n<p>Sprechen Sie uns an. <a href=\"http:\/\/diedienstleister-hansen.de\/3504-2\/\">Kontakt<\/a><\/p>\n<hr \/>\n<p>&nbsp;<\/p>\n<p>[\/et_pb_text][\/et_pb_column][\/et_pb_row][\/et_pb_section]<\/p>\n","protected":false},"excerpt":{"rendered":"<p>[et_pb_section bb_built=&#8220;1&#8243; admin_label=&#8220;section&#8220;][et_pb_row admin_label=&#8220;row&#8220;][et_pb_column type=&#8220;4_4&#8243;][et_pb_slider admin_label=&#8220;Slider&#8220; show_arrows=&#8220;on&#8220; show_pagination=&#8220;on&#8220; auto=&#8220;off&#8220; auto_ignore_hover=&#8220;off&#8220; parallax=&#8220;off&#8220; parallax_method=&#8220;off&#8220; remove_inner_shadow=&#8220;off&#8220; background_position=&#8220;default&#8220; background_size=&#8220;default&#8220; hide_content_on_mobile=&#8220;off&#8220; hide_cta_on_mobile=&#8220;off&#8220; show_image_video_mobile=&#8220;off&#8220; custom_button=&#8220;off&#8220; button_letter_spacing=&#8220;0&#8243; button_use_icon=&#8220;default&#8220; button_icon_placement=&#8220;right&#8220; button_on_hover=&#8220;on&#8220; button_letter_spacing_hover=&#8220;0&#8243;] [et_pb_slide background_image=&#8220;http:\/\/diedienstleister-hansen.de\/wp-content\/uploads\/2017\/04\/IMG_2632.jpg&#8220; background_position=&#8220;default&#8220; background_size=&#8220;default&#8220; background_color=&#8220;#ffffff&#8220; use_bg_overlay=&#8220;off&#8220; use_text_overlay=&#8220;off&#8220; alignment=&#8220;center&#8220; background_layout=&#8220;dark&#8220; allow_player_pause=&#8220;off&#8220; text_border_radius=&#8220;3&#8243; header_font_select=&#8220;default&#8220; header_font=&#8220;||||&#8220; body_font_select=&#8220;default&#8220; body_font=&#8220;||||&#8220; custom_button=&#8220;off&#8220; button_font_select=&#8220;default&#8220; button_font=&#8220;||||&#8220; button_use_icon=&#8220;default&#8220; button_icon_placement=&#8220;right&#8220; button_on_hover=&#8220;on&#8220; \/] [\/et_pb_slider][et_pb_text admin_label=&#8220;Text&#8220; background_layout=&#8220;light&#8220; text_orientation=&#8220;left&#8220; use_border_color=&#8220;off&#8220; border_color=&#8220;#ffffff&#8220; border_style=&#8220;solid&#8220;] [\/et_pb_text][et_pb_text admin_label=&#8220;Text&#8220; [&hellip;]<\/p>\n","protected":false},"author":1,"featured_media":0,"parent":3581,"menu_order":0,"comment_status":"closed","ping_status":"closed","template":"","meta":{"jetpack_post_was_ever_published":false,"footnotes":""},"class_list":["post-3488","page","type-page","status-publish","hentry"],"jetpack_sharing_enabled":true,"jetpack_shortlink":"https:\/\/wp.me\/P8KzCu-Ug","_links":{"self":[{"href":"https:\/\/diedienstleister-hansen.de\/index.php?rest_route=\/wp\/v2\/pages\/3488"}],"collection":[{"href":"https:\/\/diedienstleister-hansen.de\/index.php?rest_route=\/wp\/v2\/pages"}],"about":[{"href":"https:\/\/diedienstleister-hansen.de\/index.php?rest_route=\/wp\/v2\/types\/page"}],"author":[{"embeddable":true,"href":"https:\/\/diedienstleister-hansen.de\/index.php?rest_route=\/wp\/v2\/users\/1"}],"replies":[{"embeddable":true,"href":"https:\/\/diedienstleister-hansen.de\/index.php?rest_route=%2Fwp%2Fv2%2Fcomments&post=3488"}],"version-history":[{"count":12,"href":"https:\/\/diedienstleister-hansen.de\/index.php?rest_route=\/wp\/v2\/pages\/3488\/revisions"}],"predecessor-version":[{"id":3966,"href":"https:\/\/diedienstleister-hansen.de\/index.php?rest_route=\/wp\/v2\/pages\/3488\/revisions\/3966"}],"up":[{"embeddable":true,"href":"https:\/\/diedienstleister-hansen.de\/index.php?rest_route=\/wp\/v2\/pages\/3581"}],"wp:attachment":[{"href":"https:\/\/diedienstleister-hansen.de\/index.php?rest_route=%2Fwp%2Fv2%2Fmedia&parent=3488"}],"curies":[{"name":"wp","href":"https:\/\/api.w.org\/{rel}","templated":true}]}}